{"id":711,"date":"2020-09-10T02:50:23","date_gmt":"2020-09-10T02:50:23","guid":{"rendered":"http:\/\/wpdemo.archiwp.com\/maxbizz\/?page_id=711"},"modified":"2023-06-23T10:32:35","modified_gmt":"2023-06-23T07:32:35","slug":"single-team","status":"publish","type":"page","link":"http:\/\/www.ahmetcemaliadir.com\/tr\/our-team\/single-team\/","title":{"rendered":"Ahmet Cemali ADIR"},"content":{"rendered":"\t\t<div data-elementor-type=\"wp-page\" data-elementor-id=\"711\" class=\"elementor elementor-711\">\n\t\t\t\t\t\t\t\t\t<section class=\"elementor-section elementor-top-section elementor-element elementor-element-b501399 elementor-section-boxed elementor-section-height-default elementor-section-height-default\" data-id=\"b501399\" data-element_type=\"section\">\n\t\t\t\t\t\t<div class=\"elementor-container elementor-column-gap-extended\">\n\t\t\t\t\t<div class=\"elementor-column elementor-col-100 elementor-top-column elementor-element elementor-element-6365e43 ot-flex-column-vertical\" data-id=\"6365e43\" data-element_type=\"column\">\n\t\t\t<div class=\"elementor-widget-wrap elementor-element-populated\">\n\t\t\t\t\t\t\t\t<section class=\"elementor-section elementor-inner-section elementor-element elementor-element-4b4c82c elementor-section-full_width elementor-section-content-middle elementor-section-height-default elementor-section-height-default\" data-id=\"4b4c82c\" data-element_type=\"section\">\n\t\t\t\t\t\t<div class=\"elementor-container elementor-column-gap-extended\">\n\t\t\t\t\t<div class=\"elementor-column elementor-col-50 elementor-inner-column elementor-element elementor-element-fcac4d4 ot-flex-column-vertical\" data-id=\"fcac4d4\" data-element_type=\"column\">\n\t\t\t<div class=\"elementor-widget-wrap elementor-element-populated\">\n\t\t\t\t\t\t\t\t<div class=\"elementor-element elementor-element-98f528e elementor-widget elementor-widget-image\" data-id=\"98f528e\" data-element_type=\"widget\" data-widget_type=\"image.default\">\n\t\t\t\t<div class=\"elementor-widget-container\">\n\t\t\t<style>\/*! elementor - v3.14.0 - 18-06-2023 *\/\n.elementor-widget-image{text-align:center}.elementor-widget-image a{display:inline-block}.elementor-widget-image a img[src$=\".svg\"]{width:48px}.elementor-widget-image img{vertical-align:middle;display:inline-block}<\/style>\t\t\t\t\t\t\t\t\t\t\t\t<img loading=\"lazy\" decoding=\"async\" width=\"504\" height=\"646\" src=\"http:\/\/www.ahmetcemaliadir.com\/tr\/wp-content\/uploads\/2021\/11\/c2.png\" class=\"attachment-full size-full wp-image-1519\" alt=\"\" srcset=\"http:\/\/www.ahmetcemaliadir.com\/tr\/wp-content\/uploads\/2021\/11\/c2.png 504w, http:\/\/www.ahmetcemaliadir.com\/tr\/wp-content\/uploads\/2021\/11\/c2-234x300.png 234w\" sizes=\"auto, (max-width: 504px) 100vw, 504px\" \/>\t\t\t\t\t\t\t\t\t\t\t\t\t\t\t<\/div>\n\t\t\t\t<\/div>\n\t\t\t\t\t<\/div>\n\t\t<\/div>\n\t\t\t\t<div class=\"elementor-column elementor-col-50 elementor-inner-column elementor-element elementor-element-1070f44 ot-flex-column-vertical\" data-id=\"1070f44\" data-element_type=\"column\">\n\t\t\t<div class=\"elementor-widget-wrap elementor-element-populated\">\n\t\t\t\t\t\t\t\t<div class=\"elementor-element elementor-element-bfb6219 elementor-widget elementor-widget-heading\" data-id=\"bfb6219\" data-element_type=\"widget\" data-widget_type=\"heading.default\">\n\t\t\t\t<div class=\"elementor-widget-container\">\n\t\t\t<style>\/*! elementor - v3.14.0 - 18-06-2023 *\/\n.elementor-heading-title{padding:0;margin:0;line-height:1}.elementor-widget-heading .elementor-heading-title[class*=elementor-size-]>a{color:inherit;font-size:inherit;line-height:inherit}.elementor-widget-heading .elementor-heading-title.elementor-size-small{font-size:15px}.elementor-widget-heading .elementor-heading-title.elementor-size-medium{font-size:19px}.elementor-widget-heading .elementor-heading-title.elementor-size-large{font-size:29px}.elementor-widget-heading .elementor-heading-title.elementor-size-xl{font-size:39px}.elementor-widget-heading .elementor-heading-title.elementor-size-xxl{font-size:59px}<\/style><h3 class=\"elementor-heading-title elementor-size-default\">Ahmet Cemali ADIR<\/h3>\t\t<\/div>\n\t\t\t\t<\/div>\n\t\t\t\t<div class=\"elementor-element elementor-element-77b067d elementor-widget elementor-widget-heading\" data-id=\"77b067d\" data-element_type=\"widget\" data-widget_type=\"heading.default\">\n\t\t\t\t<div class=\"elementor-widget-container\">\n\t\t\t<h6 class=\"elementor-heading-title elementor-size-default\">Akredite Kobi Dan\u0131\u015fman\u0131<\/h6>\t\t<\/div>\n\t\t\t\t<\/div>\n\t\t\t\t<div class=\"elementor-element elementor-element-e4d0805 elementor-widget elementor-widget-text-editor\" data-id=\"e4d0805\" data-element_type=\"widget\" data-widget_type=\"text-editor.default\">\n\t\t\t\t<div class=\"elementor-widget-container\">\n\t\t\t<style>\/*! elementor - v3.14.0 - 18-06-2023 *\/\n.elementor-widget-text-editor.elementor-drop-cap-view-stacked .elementor-drop-cap{background-color:#69727d;color:#fff}.elementor-widget-text-editor.elementor-drop-cap-view-framed .elementor-drop-cap{color:#69727d;border:3px solid;background-color:transparent}.elementor-widget-text-editor:not(.elementor-drop-cap-view-default) .elementor-drop-cap{margin-top:8px}.elementor-widget-text-editor:not(.elementor-drop-cap-view-default) .elementor-drop-cap-letter{width:1em;height:1em}.elementor-widget-text-editor .elementor-drop-cap{float:left;text-align:center;line-height:1;font-size:50px}.elementor-widget-text-editor .elementor-drop-cap-letter{display:inline-block}<\/style>\t\t\t\t<ul class=\"member-info\"><li><span class=\"text-dark\">Department:<\/span> Bankac\u0131l\u0131k &amp; Finans Uzman\u0131 \/ Akredite Kobi Dan\u0131\u015fman\u0131<\/li><li><span class=\"text-dark\">Experience:<\/span> 25 Years<\/li><li><span class=\"text-dark\">E-mail: finans@acadanismanlik.net<\/span><\/li><li>\u00a0<\/li><li>\u00a0<\/li><\/ul>\t\t\t\t\t\t<\/div>\n\t\t\t\t<\/div>\n\t\t\t\t<div class=\"elementor-element elementor-element-1453173 elementor-grid-4 e-grid-align-left elementor-shape-rounded elementor-widget elementor-widget-social-icons\" data-id=\"1453173\" data-element_type=\"widget\" data-widget_type=\"social-icons.default\">\n\t\t\t\t<div class=\"elementor-widget-container\">\n\t\t\t<style>\/*! elementor - v3.14.0 - 18-06-2023 *\/\n.elementor-widget-social-icons.elementor-grid-0 .elementor-widget-container,.elementor-widget-social-icons.elementor-grid-mobile-0 .elementor-widget-container,.elementor-widget-social-icons.elementor-grid-tablet-0 .elementor-widget-container{line-height:1;font-size:0}.elementor-widget-social-icons:not(.elementor-grid-0):not(.elementor-grid-tablet-0):not(.elementor-grid-mobile-0) .elementor-grid{display:inline-grid}.elementor-widget-social-icons .elementor-grid{grid-column-gap:var(--grid-column-gap,5px);grid-row-gap:var(--grid-row-gap,5px);grid-template-columns:var(--grid-template-columns);justify-content:var(--justify-content,center);justify-items:var(--justify-content,center)}.elementor-icon.elementor-social-icon{font-size:var(--icon-size,25px);line-height:var(--icon-size,25px);width:calc(var(--icon-size, 25px) + (2 * var(--icon-padding, .5em)));height:calc(var(--icon-size, 25px) + (2 * var(--icon-padding, .5em)))}.elementor-social-icon{--e-social-icon-icon-color:#fff;display:inline-flex;background-color:#69727d;align-items:center;justify-content:center;text-align:center;cursor:pointer}.elementor-social-icon i{color:var(--e-social-icon-icon-color)}.elementor-social-icon svg{fill:var(--e-social-icon-icon-color)}.elementor-social-icon:last-child{margin:0}.elementor-social-icon:hover{opacity:.9;color:#fff}.elementor-social-icon-android{background-color:#a4c639}.elementor-social-icon-apple{background-color:#999}.elementor-social-icon-behance{background-color:#1769ff}.elementor-social-icon-bitbucket{background-color:#205081}.elementor-social-icon-codepen{background-color:#000}.elementor-social-icon-delicious{background-color:#39f}.elementor-social-icon-deviantart{background-color:#05cc47}.elementor-social-icon-digg{background-color:#005be2}.elementor-social-icon-dribbble{background-color:#ea4c89}.elementor-social-icon-elementor{background-color:#d30c5c}.elementor-social-icon-envelope{background-color:#ea4335}.elementor-social-icon-facebook,.elementor-social-icon-facebook-f{background-color:#3b5998}.elementor-social-icon-flickr{background-color:#0063dc}.elementor-social-icon-foursquare{background-color:#2d5be3}.elementor-social-icon-free-code-camp,.elementor-social-icon-freecodecamp{background-color:#006400}.elementor-social-icon-github{background-color:#333}.elementor-social-icon-gitlab{background-color:#e24329}.elementor-social-icon-globe{background-color:#69727d}.elementor-social-icon-google-plus,.elementor-social-icon-google-plus-g{background-color:#dd4b39}.elementor-social-icon-houzz{background-color:#7ac142}.elementor-social-icon-instagram{background-color:#262626}.elementor-social-icon-jsfiddle{background-color:#487aa2}.elementor-social-icon-link{background-color:#818a91}.elementor-social-icon-linkedin,.elementor-social-icon-linkedin-in{background-color:#0077b5}.elementor-social-icon-medium{background-color:#00ab6b}.elementor-social-icon-meetup{background-color:#ec1c40}.elementor-social-icon-mixcloud{background-color:#273a4b}.elementor-social-icon-odnoklassniki{background-color:#f4731c}.elementor-social-icon-pinterest{background-color:#bd081c}.elementor-social-icon-product-hunt{background-color:#da552f}.elementor-social-icon-reddit{background-color:#ff4500}.elementor-social-icon-rss{background-color:#f26522}.elementor-social-icon-shopping-cart{background-color:#4caf50}.elementor-social-icon-skype{background-color:#00aff0}.elementor-social-icon-slideshare{background-color:#0077b5}.elementor-social-icon-snapchat{background-color:#fffc00}.elementor-social-icon-soundcloud{background-color:#f80}.elementor-social-icon-spotify{background-color:#2ebd59}.elementor-social-icon-stack-overflow{background-color:#fe7a15}.elementor-social-icon-steam{background-color:#00adee}.elementor-social-icon-stumbleupon{background-color:#eb4924}.elementor-social-icon-telegram{background-color:#2ca5e0}.elementor-social-icon-thumb-tack{background-color:#1aa1d8}.elementor-social-icon-tripadvisor{background-color:#589442}.elementor-social-icon-tumblr{background-color:#35465c}.elementor-social-icon-twitch{background-color:#6441a5}.elementor-social-icon-twitter{background-color:#1da1f2}.elementor-social-icon-viber{background-color:#665cac}.elementor-social-icon-vimeo{background-color:#1ab7ea}.elementor-social-icon-vk{background-color:#45668e}.elementor-social-icon-weibo{background-color:#dd2430}.elementor-social-icon-weixin{background-color:#31a918}.elementor-social-icon-whatsapp{background-color:#25d366}.elementor-social-icon-wordpress{background-color:#21759b}.elementor-social-icon-xing{background-color:#026466}.elementor-social-icon-yelp{background-color:#af0606}.elementor-social-icon-youtube{background-color:#cd201f}.elementor-social-icon-500px{background-color:#0099e5}.elementor-shape-rounded .elementor-icon.elementor-social-icon{border-radius:10%}.elementor-shape-circle .elementor-icon.elementor-social-icon{border-radius:50%}<\/style>\t\t<div class=\"elementor-social-icons-wrapper elementor-grid\">\n\t\t\t\t\t\t\t<span class=\"elementor-grid-item\">\n\t\t\t\t\t<a class=\"elementor-icon elementor-social-icon elementor-social-icon-twitter elementor-repeater-item-049712d\" href=\"https:\/\/twitter.com\/ahmetcemaliadir\" target=\"_blank\">\n\t\t\t\t\t\t<span class=\"elementor-screen-only\">Twitter<\/span>\n\t\t\t\t\t\t<i class=\"fab fa-twitter\"><\/i>\t\t\t\t\t<\/a>\n\t\t\t\t<\/span>\n\t\t\t\t\t\t\t<span class=\"elementor-grid-item\">\n\t\t\t\t\t<a class=\"elementor-icon elementor-social-icon elementor-social-icon-facebook-f elementor-repeater-item-030f11b\" href=\"https:\/\/tr-tr.facebook.com\/\" target=\"_blank\">\n\t\t\t\t\t\t<span class=\"elementor-screen-only\">Facebook-f<\/span>\n\t\t\t\t\t\t<i class=\"fab fa-facebook-f\"><\/i>\t\t\t\t\t<\/a>\n\t\t\t\t<\/span>\n\t\t\t\t\t\t\t<span class=\"elementor-grid-item\">\n\t\t\t\t\t<a class=\"elementor-icon elementor-social-icon elementor-social-icon-linkedin elementor-repeater-item-9c6b4b3\" href=\"https:\/\/tr.linkedin.com\/in\/ahmet-cemali-adir-a8300860\" target=\"_blank\">\n\t\t\t\t\t\t<span class=\"elementor-screen-only\">Linkedin<\/span>\n\t\t\t\t\t\t<i class=\"fab fa-linkedin\"><\/i>\t\t\t\t\t<\/a>\n\t\t\t\t<\/span>\n\t\t\t\t\t\t\t<span class=\"elementor-grid-item\">\n\t\t\t\t\t<a class=\"elementor-icon elementor-social-icon elementor-social-icon-instagram elementor-repeater-item-b977f7f\" href=\"https:\/\/www.instagram.com\/ahmetcemaliadir\/\" target=\"_blank\">\n\t\t\t\t\t\t<span class=\"elementor-screen-only\">Instagram<\/span>\n\t\t\t\t\t\t<i class=\"fab fa-instagram\"><\/i>\t\t\t\t\t<\/a>\n\t\t\t\t<\/span>\n\t\t\t\t\t<\/div>\n\t\t\t\t<\/div>\n\t\t\t\t<\/div>\n\t\t\t\t\t<\/div>\n\t\t<\/div>\n\t\t\t\t\t\t\t<\/div>\n\t\t<\/section>\n\t\t\t\t<div class=\"elementor-element elementor-element-a742530 elementor-widget elementor-widget-heading\" data-id=\"a742530\" data-element_type=\"widget\" data-widget_type=\"heading.default\">\n\t\t\t\t<div class=\"elementor-widget-container\">\n\t\t\t<h5 class=\"elementor-heading-title elementor-size-default\">Kimdir?<\/h5>\t\t<\/div>\n\t\t\t\t<\/div>\n\t\t\t\t<div class=\"elementor-element elementor-element-ef6bdc8 elementor-widget elementor-widget-text-editor\" data-id=\"ef6bdc8\" data-element_type=\"widget\" data-widget_type=\"text-editor.default\">\n\t\t\t\t<div class=\"elementor-widget-container\">\n\t\t\t\t\t\t\t<p>1973 y\u0131l\u0131nda Elaz\u0131\u011f\u2019 do\u011fdu. \u0130lk ve orta \u00f6\u011frenimini Elaz\u0131\u011f\u2019da, lisans e\u011fitimini ise Afyon Kocatepe \u00dcniversitesi \u0130ktisadi ve \u0130dari Bilimler Fak\u00fcltesi Maliye B\u00f6l\u00fcm\u00fc\u2019nde tamamlad\u0131.<br \/>Askerlik g\u00f6revini yedek subay olarak yapmas\u0131n\u0131n ard\u0131ndan ba\u015flad\u0131\u011f\u0131 bankac\u0131l\u0131k ser\u00fcveni boyunca baz\u0131 \u00f6zel ve kamu konvansiyonel ve kat\u0131l\u0131m bankalar\u0131n\u0131n; operasyon, m\u00fc\u015fteri ili\u015fkileri, kredi pazarlama ve y\u00f6neticilik gibi farkl\u0131 departmanlar\u0131nda g\u00f6rev yapt\u0131.<br \/>Halen reel sekt\u00f6rde finans koordinat\u00f6rl\u00fc\u011f\u00fc g\u00f6revini y\u00fcr\u00fctmekte ve ayn\u0131 zamanda amat\u00f6r olarak T\u00fcrk Halk M\u00fczi\u011fi ve T\u00fcrk Sanat M\u00fczi\u011fi ile ilgilenmektedir. Evli ve 2 \u00e7ocuk babas\u0131d\u0131r.\u00a0<\/p><p><strong>Ahmet Cemali ADIR<\/strong><\/p><p>Akredite KOB\u0130 Dan\u0131\u015fman\u0131 \/ Bankac\u0131l\u0131k ve Finans Y\u00f6netimi Uzman\u0131<\/p><p>\u00a0<\/p><ol><li>\u0130\u015fletmelerin finansal ve faaliyet analizlerinin yap\u0131larak, finansal de\u011ferlendirme raporlar\u0131n\u0131n haz\u0131rlanmas\u0131, g\u00fc\u00e7l\u00fc ve zay\u0131f y\u00f6nleri ile mevcut ve olas\u0131 sorunlar\u0131n, potansiyel tehdit ve f\u0131rsatlar\u0131n belirlenmesi,<\/li><li>K\u0131sa ve uzun vadeli i\u015f plan\u0131n\u0131n haz\u0131rlanmas\u0131,<\/li><li>Nakit Ak\u0131\u015f\u0131, Bilan\u00e7o ve Gelir Tablosu Projeksiyonu olu\u015fturulmas\u0131 ve Temel Finansal oranlar\u0131n belirlenmesi,<\/li><li>\u0130\u015fletmelerin i\u015ftigal konusu ve yap\u0131s\u0131 g\u00f6z \u00f6n\u00fcne al\u0131narak Finansal dayan\u0131kl\u0131l\u0131\u011f\u0131 art\u0131c\u0131 \u00f6nlemlerin belirlenmesi,<\/li><li>\u0130\u015fletmelerde s\u00fcrd\u00fcr\u00fclebilir finansal yap\u0131n\u0131n sa\u011flanabilmesi i\u00e7in Kritik performans g\u00f6stergelerinin belirlenmesi ve firma stratejisinin olu\u015fturulmas\u0131,<\/li><li>Banka ili\u015fkilerinin y\u00f6netilmesi, kredi limit, risk ve di\u011fer kredi performans g\u00f6stergelerinin belirlenmesi,<\/li><li>Finansal ve operasyonel aksiyonlar\u0131n, y\u00f6ntemlerin belirlenmesi, model ve i\u015f plan\u0131n\u0131n olu\u015fturulmas\u0131, kaynak ara\u015ft\u0131rmas\u0131 ve alternatif \u00e7\u00f6z\u00fcm \u00f6nerilerinin belirlenmesi ;<\/li><\/ol><p>Gibi konularda k\u00fc\u00e7\u00fck, orta, b\u00fcy\u00fck i\u015fletmelere finansal dan\u0131\u015fmanl\u0131k hizmeti vermekteyiz.<\/p>\t\t\t\t\t\t<\/div>\n\t\t\t\t<\/div>\n\t\t\t\t<div class=\"elementor-element elementor-element-2b3ff2b elementor-widget elementor-widget-ictf7\" data-id=\"2b3ff2b\" data-element_type=\"widget\" data-widget_type=\"ictf7.default\">\n\t\t\t\t<div class=\"elementor-widget-container\">\n\t\t\t<div class=\"elementor-shortcode maxbizz-cf7-0\">\n<div class=\"wpcf7 no-js\" id=\"wpcf7-f736-o1\" lang=\"en-US\" dir=\"ltr\">\n<div class=\"screen-reader-response\"><p role=\"status\" aria-live=\"polite\" aria-atomic=\"true\"><\/p> <ul><\/ul><\/div>\n<form action=\"\/tr\/wp-json\/wp\/v2\/pages\/711#wpcf7-f736-o1\" method=\"post\" class=\"wpcf7-form init\" aria-label=\"Contact form\" novalidate=\"novalidate\" data-status=\"init\">\n<div style=\"display: none;\">\n<input type=\"hidden\" name=\"_wpcf7\" value=\"736\" \/>\n<input type=\"hidden\" name=\"_wpcf7_version\" value=\"5.7.7\" \/>\n<input type=\"hidden\" name=\"_wpcf7_locale\" value=\"en_US\" \/>\n<input type=\"hidden\" name=\"_wpcf7_unit_tag\" value=\"wpcf7-f736-o1\" \/>\n<input type=\"hidden\" name=\"_wpcf7_container_post\" value=\"0\" \/>\n<input type=\"hidden\" name=\"_wpcf7_posted_data_hash\" value=\"\" \/>\n<\/div>\n<div class=\"main-form\">\n\t<h4>\u0130leti\u015fim Maili\n\t<\/h4>\n\t<div class=\"row\">\n\t\t<p class=\"col-md-6\"><span class=\"wpcf7-form-control-wrap\" data-name=\"your-name\"><input size=\"40\" class=\"wpcf7-form-control wpcf7-text wpcf7-validates-as-required\" aria-required=\"true\" aria-invalid=\"false\" placeholder=\"Ad\u0131n\u0131z *\" value=\"\" type=\"text\" name=\"your-name\" \/><\/span>\n\t\t<\/p>\n\t\t<p class=\"col-md-6\"><span class=\"wpcf7-form-control-wrap\" data-name=\"your-email\"><input size=\"40\" class=\"wpcf7-form-control wpcf7-text wpcf7-email wpcf7-validates-as-required wpcf7-validates-as-email\" aria-required=\"true\" aria-invalid=\"false\" placeholder=\"E-mail Adresiniz *\" value=\"\" type=\"email\" name=\"your-email\" \/><\/span>\n\t\t<\/p>\n\t<\/div>\n\t<p><span class=\"wpcf7-form-control-wrap\" data-name=\"your-site\"><input size=\"40\" class=\"wpcf7-form-control wpcf7-text\" aria-invalid=\"false\" placeholder=\"Website\" value=\"\" type=\"text\" name=\"your-site\" \/><\/span>\n\t<\/p>\n\t<p><span class=\"wpcf7-form-control-wrap\" data-name=\"your-message\"><textarea cols=\"40\" rows=\"10\" class=\"wpcf7-form-control wpcf7-textarea\" aria-invalid=\"false\" placeholder=\"Mesaj\u0131n\u0131z...\" name=\"your-message\"><\/textarea><\/span>\n\t<\/p>\n\t<p><button type=\"submit\" class=\"octf-btn\">Mesaj\u0131 G\u00f6nder<\/button>\n\t<\/p>\n<\/div><div class=\"wpcf7-response-output\" aria-hidden=\"true\"><\/div>\n<\/form>\n<\/div>\n<\/div>\t\t<\/div>\n\t\t\t\t<\/div>\n\t\t\t\t\t<\/div>\n\t\t<\/div>\n\t\t\t\t\t\t\t<\/div>\n\t\t<\/section>\n\t\t\t\t\t\t\t<\/div>\n\t\t","protected":false},"excerpt":{"rendered":"<p>Ahmet Cemali ADIR Akredite Kobi Dan\u0131\u015fman\u0131 Department: Bankac\u0131l\u0131k &amp; Finans Uzman\u0131 \/ Akredite Kobi Dan\u0131\u015fman\u0131 Experience: 25 Years E-mail: finans@acadanismanlik.net \u00a0 \u00a0 Twitter Facebook-f Linkedin Instagram Kimdir? 1973 y\u0131l\u0131nda Elaz\u0131\u011f\u2019 do\u011fdu. \u0130lk ve orta \u00f6\u011frenimini Elaz\u0131\u011f\u2019da, lisans e\u011fitimini ise Afyon Kocatepe \u00dcniversitesi \u0130ktisadi ve \u0130dari Bilimler Fak\u00fcltesi Maliye B\u00f6l\u00fcm\u00fc\u2019nde tamamlad\u0131.Askerlik g\u00f6revini yedek subay olarak yapmas\u0131n\u0131n [&hellip;]<\/p>\n","protected":false},"author":1,"featured_media":0,"parent":690,"menu_order":0,"comment_status":"closed","ping_status":"closed","template":"","meta":{"footnotes":""},"class_list":["post-711","page","type-page","status-publish","hentry"],"_links":{"self":[{"href":"http:\/\/www.ahmetcemaliadir.com\/tr\/wp-json\/wp\/v2\/pages\/711","targetHints":{"allow":["GET"]}}],"collection":[{"href":"http:\/\/www.ahmetcemaliadir.com\/tr\/wp-json\/wp\/v2\/pages"}],"about":[{"href":"http:\/\/www.ahmetcemaliadir.com\/tr\/wp-json\/wp\/v2\/types\/page"}],"author":[{"embeddable":true,"href":"http:\/\/www.ahmetcemaliadir.com\/tr\/wp-json\/wp\/v2\/users\/1"}],"replies":[{"embeddable":true,"href":"http:\/\/www.ahmetcemaliadir.com\/tr\/wp-json\/wp\/v2\/comments?post=711"}],"version-history":[{"count":35,"href":"http:\/\/www.ahmetcemaliadir.com\/tr\/wp-json\/wp\/v2\/pages\/711\/revisions"}],"predecessor-version":[{"id":2318,"href":"http:\/\/www.ahmetcemaliadir.com\/tr\/wp-json\/wp\/v2\/pages\/711\/revisions\/2318"}],"up":[{"embeddable":true,"href":"http:\/\/www.ahmetcemaliadir.com\/tr\/wp-json\/wp\/v2\/pages\/690"}],"wp:attachment":[{"href":"http:\/\/www.ahmetcemaliadir.com\/tr\/wp-json\/wp\/v2\/media?parent=711"}],"curies":[{"name":"wp","href":"https:\/\/api.w.org\/{rel}","templated":true}]}}