{"id":1956,"date":"2021-11-12T14:15:03","date_gmt":"2021-11-12T11:15:03","guid":{"rendered":"http:\/\/www.ahmetcemaliadir.com\/tr\/?page_id=1956"},"modified":"2021-11-12T14:15:46","modified_gmt":"2021-11-12T11:15:46","slug":"ziyaretci-defteri","status":"publish","type":"page","link":"http:\/\/www.ahmetcemaliadir.com\/tr\/ziyaretci-defteri\/","title":{"rendered":"Ziyaret\u00e7i Defteri"},"content":{"rendered":"\n<p>Ziyaret\u00e7i defteri i\u00e7in yeni bir kay\u0131t yaz\u0131n<\/p>\n","protected":false},"excerpt":{"rendered":"<p>Ziyaret\u00e7i defteri i\u00e7in yeni bir kay\u0131t yaz\u0131n<\/p>\n","protected":false},"author":1,"featured_media":0,"parent":0,"menu_order":0,"comment_status":"open","ping_status":"closed","template":"","meta":{"footnotes":""},"class_list":["post-1956","page","type-page","status-publish","hentry"],"_links":{"self":[{"href":"http:\/\/www.ahmetcemaliadir.com\/tr\/wp-json\/wp\/v2\/pages\/1956","targetHints":{"allow":["GET"]}}],"collection":[{"href":"http:\/\/www.ahmetcemaliadir.com\/tr\/wp-json\/wp\/v2\/pages"}],"about":[{"href":"http:\/\/www.ahmetcemaliadir.com\/tr\/wp-json\/wp\/v2\/types\/page"}],"author":[{"embeddable":true,"href":"http:\/\/www.ahmetcemaliadir.com\/tr\/wp-json\/wp\/v2\/users\/1"}],"replies":[{"embeddable":true,"href":"http:\/\/www.ahmetcemaliadir.com\/tr\/wp-json\/wp\/v2\/comments?post=1956"}],"version-history":[{"count":1,"href":"http:\/\/www.ahmetcemaliadir.com\/tr\/wp-json\/wp\/v2\/pages\/1956\/revisions"}],"predecessor-version":[{"id":1957,"href":"http:\/\/www.ahmetcemaliadir.com\/tr\/wp-json\/wp\/v2\/pages\/1956\/revisions\/1957"}],"wp:attachment":[{"href":"http:\/\/www.ahmetcemaliadir.com\/tr\/wp-json\/wp\/v2\/media?parent=1956"}],"curies":[{"name":"wp","href":"https:\/\/api.w.org\/{rel}","templated":true}]}}